{"id":653,"date":"2021-01-08T11:46:03","date_gmt":"2021-01-08T09:46:03","guid":{"rendered":"http:\/\/kaunastau.lt\/?page_id=653"},"modified":"2026-04-26T15:38:34","modified_gmt":"2026-04-26T13:38:34","slug":"valdymo-struktura-veikla","status":"publish","type":"page","link":"https:\/\/kaunastau.lt\/index.php\/valdymo-struktura-veikla\/","title":{"rendered":"VALDYMO STRUKT\u016aRA. VEIKLA"},"content":{"rendered":"\n<p class=\"has-medium-font-size\">VALDYMO STRUKT\u016aRA<\/p>\n\n\n\n<p>Kauno TAU valdymas grind\u017eiamas demokratijos, autonomijos ir atskaitomyb\u0117s, savivaldos ir kompetencijos bei efektyvumo principais. Kauno TAU teis\u0117s ir prisiimtos pareigos \u012fgyvendinamos per valdymo organus. Auk\u0161\u010diausias Kauno TAU valdymo organas yra&nbsp;<em>konferencija,<\/em>&nbsp;turinti visas visuotinio nari\u0173 susirinkimo teises. Vienasmenis valdymo organas \u2013&nbsp;<em><strong>rektorius<\/strong>;<\/em>&nbsp;kolegialus valdymo organas \u2013&nbsp;&nbsp;<em><strong>rektoratas;<\/strong><\/em>&nbsp;savivaldos organas \u2013&nbsp;<em><strong>TAU klausytoj\u0173 taryba<\/strong>.<\/em><\/p>\n\n\n\n<p>Veiklos prad\u017eioje (1999 m.) universitete veik\u0117 \u0161e\u0161i, o 2025\/2026 mokslo metais \u2013 jau trylika fakultet\u0173. J\u0173 veikloje dalyvauja apie 1000 lankytoj\u0173.\u00a0<\/p>\n\n\n\n<p class=\"has-medium-font-size\">VEIKLA<\/p>\n\n\n\n<p><strong>Veikl\u0105 fakultetuose planuoja ir organizuoja dekanai. Jiems talkina seni\u016bnai, kuri\u0173 dauguma yra TAU klausytoj\u0173 tarybos nariai.<\/strong><\/p>\n\n\n\n<p>Paskaitas, seminarus, diskusijas veda auk\u0161t\u0173j\u0173 mokykl\u0173 d\u0117stytojai, praktikai \u2013 medikai, teisininkai, teologai, muziejininkai, menininkai, politikai, in\u017einieriai. Kiekvieno fakulteto veikla yra savita, atliepianti tam tikros mokslo ir praktikos srities paskirt\u012f bei klausytoj\u0173 mokymosi poreikius. Savirai\u0161kos poreikis, skatinamas emocij\u0173, realizuojamas spontani\u0161kai. Savirealizacija reikalauja dvasini\u0173 ir intelektini\u0173 pastang\u0173, ie\u0161kant savosios paskirties. Universiteto veiklos \u012fvairov\u0117 sudaro tam s\u0105lygas. Dalis klausytoj\u0173 universitet\u0105 lanko nuo jo \u012fsik\u016brimo \u2013 baig\u0119 vien\u0105 fakultet\u0105, pradeda lankyti kit\u0105, \u010dia ne tik mokomasi, bet ir u\u017esimezga draugyst\u0117, bendradarbiavimas. Konferencijos, seminarai, \u012fvair\u016bs renginiai, susitikimai su kult\u016bros ir meno atstovais, TAU bendruomen\u0117s nari\u0173 parodos, kelion\u0117s, edukacin\u0117s ekskursijos \u0161\u012f bendradarbiavim\u0105 skatina. Apibendrinant tikslinga pasteb\u0117ti, kad vyresnio am\u017eiaus \u017emoni\u0173 karta mok\u0117si vis\u0105 d\u0117mes\u012f sutelkdama \u012f proto lavinim\u0105.&nbsp; Taip mumyse, jeigu m\u0105styti holisti\u0161kai, susiformavo tam tikras vakuumas. J\u012f u\u017epildyti&nbsp; padeda Tre\u010diojo am\u017eiaus universiteto veikla, o karantinas atskleid\u0117 naujas ir neribotas galimybes. Esame organizacija, kuri prisideda prie mokymosi visa gyvenim\u0105, savitarpio pagalbos, savanoryst\u0117s id\u0117j\u0173 i\u0161saugojimo ir j\u0173 rai\u0161kos savojo miesto, \u0161alies, Europos, pasaulio kult\u016broje poky\u010di\u0173 laikotarpiu. \u0160iandienos pasaulyje, apie kur\u012f diskutuojama fakultet\u0173 u\u017esi\u0117mimuose, vyksta sud\u0117tingos transformacijos, o \u017emon\u0117s i\u0161gyvena poky\u010dius. Tod\u0117l svarstoma, kaip poky\u010diai \u012ftakojo ir \u012ftakoja \u017emogaus gyvenim\u0105, veikl\u0105, s\u0117kmes ir nes\u0117kmes?<\/p>\n\n\n\n<p>prorektor\u0117 studijoms <strong>prof. dr. (HP) Nijol\u0117 Petron\u0117l\u0117 Ve\u010dkien\u0117<\/strong><\/p>\n","protected":false},"excerpt":{"rendered":"<p>VALDYMO STRUKT\u016aRA Kauno TAU valdymas grind\u017eiamas demokratijos, autonomijos ir atskaitomyb\u0117s, savivaldos ir kompetencijos bei efektyvumo principais. Kauno TAU teis\u0117s ir prisiimtos pareigos \u012fgyvendinamos per valdymo organus. Auk\u0161\u010diausias Kauno TAU valdymo organas yra&nbsp;konferencija,&nbsp;turinti visas visuotinio nari\u0173 susirinkimo teises. Vienasmenis valdymo organas \u2013&nbsp;rektorius;&nbsp;kolegialus valdymo organas \u2013&nbsp;&nbsp;rektoratas;&nbsp;savivaldos organas \u2013&nbsp;TAU klausytoj\u0173 taryba. Veiklos prad\u017eioje (1999 m.) universitete veik\u0117 \u0161e\u0161i, &hellip;<\/p>\n<p class=\"read-more\"> <a class=\"\" href=\"https:\/\/kaunastau.lt\/index.php\/valdymo-struktura-veikla\/\"> <span class=\"screen-reader-text\">VALDYMO STRUKT\u016aRA. VEIKLA<\/span> Skaityti daugiau &raquo;<\/a><\/p>\n","protected":false},"author":1,"featured_media":0,"parent":0,"menu_order":0,"comment_status":"closed","ping_status":"closed","template":"","meta":{"footnotes":""},"class_list":["post-653","page","type-page","status-publish","hentry"],"jetpack_sharing_enabled":true,"_links":{"self":[{"href":"https:\/\/kaunastau.lt\/index.php\/wp-json\/wp\/v2\/pages\/653","targetHints":{"allow":["GET"]}}],"collection":[{"href":"https:\/\/kaunastau.lt\/index.php\/wp-json\/wp\/v2\/pages"}],"about":[{"href":"https:\/\/kaunastau.lt\/index.php\/wp-json\/wp\/v2\/types\/page"}],"author":[{"embeddable":true,"href":"https:\/\/kaunastau.lt\/index.php\/wp-json\/wp\/v2\/users\/1"}],"replies":[{"embeddable":true,"href":"https:\/\/kaunastau.lt\/index.php\/wp-json\/wp\/v2\/comments?post=653"}],"version-history":[{"count":3,"href":"https:\/\/kaunastau.lt\/index.php\/wp-json\/wp\/v2\/pages\/653\/revisions"}],"predecessor-version":[{"id":8569,"href":"https:\/\/kaunastau.lt\/index.php\/wp-json\/wp\/v2\/pages\/653\/revisions\/8569"}],"wp:attachment":[{"href":"https:\/\/kaunastau.lt\/index.php\/wp-json\/wp\/v2\/media?parent=653"}],"curies":[{"name":"wp","href":"https:\/\/api.w.org\/{rel}","templated":true}]}}