{"id":644,"date":"2021-01-07T17:16:51","date_gmt":"2021-01-07T15:16:51","guid":{"rendered":"http:\/\/kaunastau.lt\/?page_id=644"},"modified":"2021-03-10T11:22:39","modified_gmt":"2021-03-10T09:22:39","slug":"alumni","status":"publish","type":"page","link":"https:\/\/kaunastau.lt\/index.php\/alumni\/","title":{"rendered":"ALUMNI"},"content":{"rendered":"\n<figure class=\"wp-block-image size-large\"><img loading=\"lazy\" decoding=\"async\" width=\"840\" height=\"712\" src=\"https:\/\/kaunastau.lt\/wp-content\/uploads\/2021\/01\/Alumni-psl.jpeg\" alt=\"\" class=\"wp-image-645\" srcset=\"https:\/\/kaunastau.lt\/wp-content\/uploads\/2021\/01\/Alumni-psl.jpeg 840w, https:\/\/kaunastau.lt\/wp-content\/uploads\/2021\/01\/Alumni-psl-300x254.jpeg 300w, https:\/\/kaunastau.lt\/wp-content\/uploads\/2021\/01\/Alumni-psl-768x651.jpeg 768w\" sizes=\"auto, (max-width: 840px) 100vw, 840px\" \/><\/figure>\n\n\n\n<figure class=\"wp-block-image size-large\"><img loading=\"lazy\" decoding=\"async\" width=\"750\" height=\"510\" src=\"https:\/\/kaunastau.lt\/wp-content\/uploads\/2021\/01\/IMG_8253.jpg\" alt=\"\" class=\"wp-image-728\" srcset=\"https:\/\/kaunastau.lt\/wp-content\/uploads\/2021\/01\/IMG_8253.jpg 750w, https:\/\/kaunastau.lt\/wp-content\/uploads\/2021\/01\/IMG_8253-300x204.jpg 300w\" sizes=\"auto, (max-width: 750px) 100vw, 750px\" \/><\/figure>\n\n\n\n<div class=\"wp-block-image\"><figure class=\"alignleft size-large is-resized\"><img decoding=\"async\" src=\"https:\/\/kaunastau.lt\/wp-content\/uploads\/2021\/01\/VIDA-GAVRILCIKIENE.jpg\" alt=\"\" class=\"wp-image-729\" width=\"200\" srcset=\"https:\/\/kaunastau.lt\/wp-content\/uploads\/2021\/01\/VIDA-GAVRILCIKIENE.jpg 900w, https:\/\/kaunastau.lt\/wp-content\/uploads\/2021\/01\/VIDA-GAVRILCIKIENE-300x300.jpg 300w, https:\/\/kaunastau.lt\/wp-content\/uploads\/2021\/01\/VIDA-GAVRILCIKIENE-150x150.jpg 150w, https:\/\/kaunastau.lt\/wp-content\/uploads\/2021\/01\/VIDA-GAVRILCIKIENE-768x771.jpg 768w\" sizes=\"(max-width: 900px) 100vw, 900px\" \/><\/figure><\/div>\n\n\n\n<p><\/p>\n\n\n\n<p><\/p>\n\n\n\n<p>ALUMNI klubo pirminink\u0117 Vida Gavril\u010dikien\u0117, <\/p>\n\n\n\n<p>el.pa\u0161tas: <a href=\"mailto:alumni@kaunastau.lt\">alumni@kaunastau.lt<\/a> ir &nbsp;<a rel=\"noreferrer noopener\" href=\"mailto:vidagav@yahoo.com\" target=\"_blank\">vidagav@yahoo.com<\/a><\/p>\n\n\n\n<p><a rel=\"noreferrer noopener\" href=\"http:\/\/tel.nr\/\" target=\"_blank\">Tel.<\/a>: 8 610 02217<\/p>\n","protected":false},"excerpt":{"rendered":"<p>ALUMNI klubo pirminink\u0117 Vida Gavril\u010dikien\u0117, el.pa\u0161tas: alumni@kaunastau.lt ir &nbsp;vidagav@yahoo.com Tel.: 8 610 02217<\/p>\n","protected":false},"author":1,"featured_media":0,"parent":0,"menu_order":0,"comment_status":"closed","ping_status":"closed","template":"","meta":{"footnotes":""},"class_list":["post-644","page","type-page","status-publish","hentry"],"jetpack_sharing_enabled":true,"_links":{"self":[{"href":"https:\/\/kaunastau.lt\/index.php\/wp-json\/wp\/v2\/pages\/644","targetHints":{"allow":["GET"]}}],"collection":[{"href":"https:\/\/kaunastau.lt\/index.php\/wp-json\/wp\/v2\/pages"}],"about":[{"href":"https:\/\/kaunastau.lt\/index.php\/wp-json\/wp\/v2\/types\/page"}],"author":[{"embeddable":true,"href":"https:\/\/kaunastau.lt\/index.php\/wp-json\/wp\/v2\/users\/1"}],"replies":[{"embeddable":true,"href":"https:\/\/kaunastau.lt\/index.php\/wp-json\/wp\/v2\/comments?post=644"}],"version-history":[{"count":3,"href":"https:\/\/kaunastau.lt\/index.php\/wp-json\/wp\/v2\/pages\/644\/revisions"}],"predecessor-version":[{"id":1055,"href":"https:\/\/kaunastau.lt\/index.php\/wp-json\/wp\/v2\/pages\/644\/revisions\/1055"}],"wp:attachment":[{"href":"https:\/\/kaunastau.lt\/index.php\/wp-json\/wp\/v2\/media?parent=644"}],"curies":[{"name":"wp","href":"https:\/\/api.w.org\/{rel}","templated":true}]}}