{"id":630,"date":"2021-01-07T15:52:49","date_gmt":"2021-01-07T13:52:49","guid":{"rendered":"http:\/\/kaunastau.lt\/?page_id=630"},"modified":"2021-01-08T11:44:02","modified_gmt":"2021-01-08T09:44:02","slug":"istorija-misija-tikslai","status":"publish","type":"page","link":"https:\/\/kaunastau.lt\/index.php\/istorija-misija-tikslai\/","title":{"rendered":"ISTORIJA. MISIJA. TIKSLAI"},"content":{"rendered":"\n<p class=\"has-medium-font-size\">ISTORIJA<\/p>\n\n\n\n<p>Tre\u010diojo am\u017eiaus universiteto Kauno apskrities filialas savo veikl\u0105 prad\u0117jo 1999 m. Pirmaisiais metais jam vadovavo prof. hab. dr. Vilija Targamadz\u0117, nuo 2002 m. doc. dr. Janina Andriu\u0161ien\u0117, nuo 2015 m. gruod\u017eio iki dabar \u2013 prof. dr. (HP) Nijol\u0117 Petron\u0117l\u0117 Ve\u010dkien\u0117. <\/p>\n\n\n\n<p>2019 m. universitetas reorganizuotas \u012f Kauno Tre\u010diojo am\u017eiaus universitet\u0105 (toliau vadinamas \u2013 Kauno TAU), kurio juridinis statusas \u2013 asociacija, turinti \u016bkin\u012f, finansin\u012f, organizacin\u012f savaranki\u0161kum\u0105. <\/p>\n\n\n\n<p>Nuo 2015 m. universitetas yra&nbsp;<strong>Nacionalin\u0117s Tre\u010diojo am\u017eiaus universitet\u0173 asociacijos<\/strong>, jungian\u010dios 49 TAU, narys.<\/p>\n\n\n\n<p class=\"has-medium-font-size\"><strong>MISIJA<\/strong><\/p>\n\n\n\n<p>Kauno TAU yra nevyriausybin\u0117 neformalaus vyresni\u0173 suaugusi\u0173j\u0173 \u0161vietimo organizacija, siekianti gerinti vyresnio am\u017eiaus \u017emoni\u0173 socialin\u0119 integracij\u0105, palaikanti j\u0173 fizin\u012f ir psichosocialin\u012f&nbsp; aktyvum\u0105, \u012fgalinanti mokytis vis\u0105 gyvenim\u0105, skatinanti&nbsp; produktyvi\u0105 ir turining\u0105 veikl\u0105, praturtinanti nauja patirtimi, veikianti \u0161vietimo, socialin\u0117je, kult\u016bros bei kitose srityse.<\/p>\n\n\n\n<p class=\"has-medium-font-size\"><strong>TIKSLAI<\/strong><\/p>\n\n\n\n<p>Kauno TAU, sudarydamas s\u0105lygas savi\u0161vietai, savirai\u0161kai ir savirealizacijai, siekia:<\/p>\n\n\n\n<ul class=\"wp-block-list\"><li>teikti kokybi\u0161kas ugdymo paslaugas, grind\u017eiamas bendra\u017emogi\u0161komis vertyb\u0117mis, demokratijos principais, mokslo \u017einiomis, tyrimais bei asmenin\u0117s ir socialin\u0117s patirties refleksija;<\/li><li>skatinti asmenini\u0173 sieki\u0173 realizavim\u0105, aktyviai dalyvaujant \u0161vietimo, kult\u016bros, socialiniuose, politiniuose ir kituose visuomeniniuose nuomon\u0117s formavimo bei sprendimo pri\u0117mimo procesuose;<\/li><li>koordinuoti Kauno TAU nari\u0173 veikl\u0105, atstovauti j\u0173 teises bei interesus nacionalin\u0117je ir tarptautin\u0117je erdv\u0117je, pl\u0117toti kart\u0173 bendradarbiavim\u0105, paremt\u0105 solidarumo ir kooperacijos principais;<\/li><li>inicijuoti ir \u012fgyvendinti socialin\u0117s pagalbos ir \u012fgalinimo programas, stiprinan\u010dias dvasin\u0119 ir fizin\u0119 sveikat\u0105, palaikan\u010dias socialin\u012f aktyvum\u0105, gerinan\u010dias asociacijos nari\u0173 gyvenimo kokyb\u0119;<\/li><li>pl\u0117toti savitarpio pagalbos, savanoryst\u0117s, bendruomeni\u0161kumo ir k\u016brybi\u0161kumo kult\u016br\u0105.<\/li><\/ul>\n\n\n\n<figure class=\"wp-block-image size-large\"><img loading=\"lazy\" decoding=\"async\" width=\"1024\" height=\"282\" src=\"https:\/\/kaunastau.lt\/wp-content\/uploads\/2021\/01\/20-mokslo-metu-atidarymas-1024x282.jpg\" alt=\"\" class=\"wp-image-649\" srcset=\"https:\/\/kaunastau.lt\/wp-content\/uploads\/2021\/01\/20-mokslo-metu-atidarymas-1024x282.jpg 1024w, https:\/\/kaunastau.lt\/wp-content\/uploads\/2021\/01\/20-mokslo-metu-atidarymas-300x83.jpg 300w, https:\/\/kaunastau.lt\/wp-content\/uploads\/2021\/01\/20-mokslo-metu-atidarymas-768x212.jpg 768w, https:\/\/kaunastau.lt\/wp-content\/uploads\/2021\/01\/20-mokslo-metu-atidarymas-1536x424.jpg 1536w, https:\/\/kaunastau.lt\/wp-content\/uploads\/2021\/01\/20-mokslo-metu-atidarymas-2048x565.jpg 2048w\" sizes=\"auto, (max-width: 1024px) 100vw, 1024px\" \/><\/figure>\n","protected":false},"excerpt":{"rendered":"<p>ISTORIJA Tre\u010diojo am\u017eiaus universiteto Kauno apskrities filialas savo veikl\u0105 prad\u0117jo 1999 m. Pirmaisiais metais jam vadovavo prof. hab. dr. Vilija Targamadz\u0117, nuo 2002 m. doc. dr. Janina Andriu\u0161ien\u0117, nuo 2015 m. gruod\u017eio iki dabar \u2013 prof. dr. (HP) Nijol\u0117 Petron\u0117l\u0117 Ve\u010dkien\u0117. 2019 m. universitetas reorganizuotas \u012f Kauno Tre\u010diojo am\u017eiaus universitet\u0105 (toliau vadinamas \u2013 Kauno TAU), &hellip;<\/p>\n<p class=\"read-more\"> <a class=\"\" href=\"https:\/\/kaunastau.lt\/index.php\/istorija-misija-tikslai\/\"> <span class=\"screen-reader-text\">ISTORIJA. MISIJA. TIKSLAI<\/span> Skaityti daugiau &raquo;<\/a><\/p>\n","protected":false},"author":1,"featured_media":0,"parent":0,"menu_order":0,"comment_status":"closed","ping_status":"closed","template":"","meta":{"footnotes":""},"class_list":["post-630","page","type-page","status-publish","hentry"],"jetpack_sharing_enabled":true,"_links":{"self":[{"href":"https:\/\/kaunastau.lt\/index.php\/wp-json\/wp\/v2\/pages\/630","targetHints":{"allow":["GET"]}}],"collection":[{"href":"https:\/\/kaunastau.lt\/index.php\/wp-json\/wp\/v2\/pages"}],"about":[{"href":"https:\/\/kaunastau.lt\/index.php\/wp-json\/wp\/v2\/types\/page"}],"author":[{"embeddable":true,"href":"https:\/\/kaunastau.lt\/index.php\/wp-json\/wp\/v2\/users\/1"}],"replies":[{"embeddable":true,"href":"https:\/\/kaunastau.lt\/index.php\/wp-json\/wp\/v2\/comments?post=630"}],"version-history":[{"count":3,"href":"https:\/\/kaunastau.lt\/index.php\/wp-json\/wp\/v2\/pages\/630\/revisions"}],"predecessor-version":[{"id":651,"href":"https:\/\/kaunastau.lt\/index.php\/wp-json\/wp\/v2\/pages\/630\/revisions\/651"}],"wp:attachment":[{"href":"https:\/\/kaunastau.lt\/index.php\/wp-json\/wp\/v2\/media?parent=630"}],"curies":[{"name":"wp","href":"https:\/\/api.w.org\/{rel}","templated":true}]}}