{"id":551,"date":"2020-12-31T13:31:12","date_gmt":"2020-12-31T11:31:12","guid":{"rendered":"http:\/\/kaunastau.lt\/?page_id=551"},"modified":"2021-01-08T16:56:02","modified_gmt":"2021-01-08T14:56:02","slug":"zoom","status":"publish","type":"page","link":"https:\/\/kaunastau.lt\/index.php\/zoom\/","title":{"rendered":"ZOOM"},"content":{"rendered":"\n<h4 class=\"wp-block-heading\">&nbsp;ZOOM \u2013 tai nuotolini\u0173 susitikim\u0173 ir video konferencij\u0173 organizavimo platforma. Dr\u0105siai i\u0161bandykite!&nbsp;<\/h4>\n\n\n\n<figure class=\"wp-block-embed-youtube wp-block-embed is-type-video is-provider-youtube wp-embed-aspect-16-9 wp-has-aspect-ratio\"><div class=\"wp-block-embed__wrapper\">\n<div class=\"ast-oembed-container\"><iframe loading=\"lazy\" title=\"Kaip prisijungti prie u\u017esi\u0117mim\u0173 naudojant Zoom?\" width=\"500\" height=\"281\" src=\"https:\/\/www.youtube.com\/embed\/CXnee_XkDn0?feature=oembed\" frameborder=\"0\" allow=\"accelerometer; autoplay; clipboard-write; encrypted-media; gyroscope; picture-in-picture; web-share\" referrerpolicy=\"strict-origin-when-cross-origin\" allowfullscreen><\/iframe><\/div>\n<\/div><\/figure>\n\n\n\n<p>Pagrindin\u0119 instrukcij\u0105 rasite pagal \u0161i\u0105 nuorod\u0105:<\/p>\n\n\n\n<div class=\"wp-block-file\"><a href=\"https:\/\/kaunastau.lt\/wp-content\/uploads\/2020\/12\/zoom_instrukcija_2020.pdf\">zoom_instrukcija_2020<\/a><a href=\"https:\/\/kaunastau.lt\/wp-content\/uploads\/2020\/12\/zoom_instrukcija_2020.pdf\" class=\"wp-block-file__button\" download>Parsisi\u0173sti<\/a><\/div>\n\n\n\n<h4 class=\"wp-block-heading\">Kita, <strong>Bit&amp;Byte akademijos<\/strong> paruo\u0161ta instrukcija, kuria kai kurie dalyviai jau pasinaudojo projekto &#8222;Technologin\u0117 k\u016bryba tre\u010diojo am\u017eiaus universitete&#8221; metu, yra \u010dia:<\/h4>\n\n\n\n<div class=\"wp-block-file\"><a href=\"https:\/\/kaunastau.lt\/wp-content\/uploads\/2020\/12\/ZOOM-instrukcija_dalyviams-2.pdf\">ZOOM-instrukcija_dalyviams-2<\/a><a href=\"https:\/\/kaunastau.lt\/wp-content\/uploads\/2020\/12\/ZOOM-instrukcija_dalyviams-2.pdf\" class=\"wp-block-file__button\" download>Parsisi\u0173sti<\/a><\/div>\n\n\n\n<p>Rekomendacijos, kaip pasiruo\u0161ti u\u017esi\u0117mimui ir taisykl\u0117s jo metu:<\/p>\n\n\n\n<figure class=\"wp-block-image size-large\"><img loading=\"lazy\" decoding=\"async\" width=\"538\" height=\"760\" src=\"https:\/\/kaunastau.lt\/wp-content\/uploads\/2020\/12\/rekomendacijos.jpeg\" alt=\"\" class=\"wp-image-561\" srcset=\"https:\/\/kaunastau.lt\/wp-content\/uploads\/2020\/12\/rekomendacijos.jpeg 538w, https:\/\/kaunastau.lt\/wp-content\/uploads\/2020\/12\/rekomendacijos-212x300.jpeg 212w\" sizes=\"auto, (max-width: 538px) 100vw, 538px\" \/><\/figure>\n","protected":false},"excerpt":{"rendered":"<p>&nbsp;ZOOM \u2013 tai nuotolini\u0173 susitikim\u0173 ir video konferencij\u0173 organizavimo platforma. Dr\u0105siai i\u0161bandykite!&nbsp; Pagrindin\u0119 instrukcij\u0105 rasite pagal \u0161i\u0105 nuorod\u0105: Kita, Bit&amp;Byte akademijos paruo\u0161ta instrukcija, kuria kai kurie dalyviai jau pasinaudojo projekto &#8222;Technologin\u0117 k\u016bryba tre\u010diojo am\u017eiaus universitete&#8221; metu, yra \u010dia: Rekomendacijos, kaip pasiruo\u0161ti u\u017esi\u0117mimui ir taisykl\u0117s jo metu:<\/p>\n","protected":false},"author":1,"featured_media":0,"parent":0,"menu_order":0,"comment_status":"closed","ping_status":"closed","template":"","meta":{"footnotes":""},"class_list":["post-551","page","type-page","status-publish","hentry"],"jetpack_sharing_enabled":true,"_links":{"self":[{"href":"https:\/\/kaunastau.lt\/index.php\/wp-json\/wp\/v2\/pages\/551","targetHints":{"allow":["GET"]}}],"collection":[{"href":"https:\/\/kaunastau.lt\/index.php\/wp-json\/wp\/v2\/pages"}],"about":[{"href":"https:\/\/kaunastau.lt\/index.php\/wp-json\/wp\/v2\/types\/page"}],"author":[{"embeddable":true,"href":"https:\/\/kaunastau.lt\/index.php\/wp-json\/wp\/v2\/users\/1"}],"replies":[{"embeddable":true,"href":"https:\/\/kaunastau.lt\/index.php\/wp-json\/wp\/v2\/comments?post=551"}],"version-history":[{"count":5,"href":"https:\/\/kaunastau.lt\/index.php\/wp-json\/wp\/v2\/pages\/551\/revisions"}],"predecessor-version":[{"id":716,"href":"https:\/\/kaunastau.lt\/index.php\/wp-json\/wp\/v2\/pages\/551\/revisions\/716"}],"wp:attachment":[{"href":"https:\/\/kaunastau.lt\/index.php\/wp-json\/wp\/v2\/media?parent=551"}],"curies":[{"name":"wp","href":"https:\/\/api.w.org\/{rel}","templated":true}]}}