{"id":446,"date":"2020-11-16T16:02:20","date_gmt":"2020-11-16T14:02:20","guid":{"rendered":"http:\/\/kaunastau.lt\/?page_id=446"},"modified":"2021-01-08T16:46:52","modified_gmt":"2021-01-08T14:46:52","slug":"kulturos-ir-svietimo-istorijos-fakultetas-2","status":"publish","type":"page","link":"https:\/\/kaunastau.lt\/index.php\/kulturos-ir-svietimo-istorijos-fakultetas-2\/","title":{"rendered":"KULT\u016aROS IR \u0160VIETIMO ISTORIJOS FAKULTETAS"},"content":{"rendered":"\n<figure class=\"wp-block-image size-large\"><img loading=\"lazy\" decoding=\"async\" width=\"717\" height=\"1024\" src=\"https:\/\/kaunastau.lt\/wp-content\/uploads\/2020\/11\/Kulturos-ir-svietimo-psl-717x1024.jpeg\" alt=\"\" class=\"wp-image-447\" srcset=\"https:\/\/kaunastau.lt\/wp-content\/uploads\/2020\/11\/Kulturos-ir-svietimo-psl-717x1024.jpeg 717w, https:\/\/kaunastau.lt\/wp-content\/uploads\/2020\/11\/Kulturos-ir-svietimo-psl-210x300.jpeg 210w, https:\/\/kaunastau.lt\/wp-content\/uploads\/2020\/11\/Kulturos-ir-svietimo-psl-768x1097.jpeg 768w, https:\/\/kaunastau.lt\/wp-content\/uploads\/2020\/11\/Kulturos-ir-svietimo-psl.jpeg 839w\" sizes=\"auto, (max-width: 717px) 100vw, 717px\" \/><\/figure>\n\n\n\n<figure class=\"wp-block-image size-large\"><img loading=\"lazy\" decoding=\"async\" width=\"170\" height=\"171\" src=\"https:\/\/kaunastau.lt\/wp-content\/uploads\/2020\/11\/Dalia-Poskiene.jpg\" alt=\"\" class=\"wp-image-493\" srcset=\"https:\/\/kaunastau.lt\/wp-content\/uploads\/2020\/11\/Dalia-Poskiene.jpg 170w, https:\/\/kaunastau.lt\/wp-content\/uploads\/2020\/11\/Dalia-Poskiene-150x150.jpg 150w\" sizes=\"auto, (max-width: 170px) 100vw, 170px\" \/><\/figure>\n\n\n\n<figure class=\"wp-block-table is-style-regular\"><table><tbody><tr><td>Dalia<\/td><td>Po\u0161kien\u0117<\/td><td>Kult\u016bros ir \u0161vietimo fakulteto dekan\u0117<\/td><td>dposkiene@gmai.com<\/td><td>8 688 39781<\/td><\/tr><\/tbody><\/table><\/figure>\n\n\n\n<p>Naujas el. pa\u0161tas: <strong><em><a href=\"mailto:kulturos@kaunastau.lt\">kulturos@kaunastau.lt<\/a><\/em><\/strong><\/p>\n\n\n\n<div class=\"wp-block-contact-form-7-contact-form-selector\">\n<div class=\"wpcf7 no-js\" id=\"wpcf7-f666-o1\" lang=\"lt-LT\" dir=\"ltr\">\n<div class=\"screen-reader-response\"><p role=\"status\" aria-live=\"polite\" aria-atomic=\"true\"><\/p> <ul><\/ul><\/div>\n<form action=\"\/index.php\/wp-json\/wp\/v2\/pages\/446#wpcf7-f666-o1\" method=\"post\" class=\"wpcf7-form init Aweber-ext-0.1.43\" aria-label=\"Contact form\" novalidate=\"novalidate\" data-status=\"init\">\n<div style=\"display: none;\">\n<input type=\"hidden\" name=\"_wpcf7\" value=\"666\" \/>\n<input type=\"hidden\" name=\"_wpcf7_version\" value=\"5.7.7\" \/>\n<input type=\"hidden\" name=\"_wpcf7_locale\" value=\"lt_LT\" \/>\n<input type=\"hidden\" name=\"_wpcf7_unit_tag\" value=\"wpcf7-f666-o1\" \/>\n<input type=\"hidden\" name=\"_wpcf7_container_post\" value=\"0\" \/>\n<input type=\"hidden\" name=\"_wpcf7_posted_data_hash\" value=\"\" \/>\n<\/div>\n<p><label> J\u016bs\u0173 vardas:<br \/>\n<span class=\"wpcf7-form-control-wrap\" data-name=\"your-name\"><input size=\"40\" class=\"wpcf7-form-control wpcf7-text wpcf7-validates-as-required\" aria-required=\"true\" aria-invalid=\"false\" value=\"\" type=\"text\" name=\"your-name\" \/><\/span> <\/label>\n<\/p>\n<p><label> J\u016bs\u0173 e. pa\u0161to adresas:<br \/>\n<span class=\"wpcf7-form-control-wrap\" data-name=\"your-email\"><input size=\"40\" class=\"wpcf7-form-control wpcf7-text wpcf7-email wpcf7-validates-as-required wpcf7-validates-as-email\" aria-required=\"true\" aria-invalid=\"false\" value=\"\" type=\"email\" name=\"your-email\" \/><\/span> <\/label>\n<\/p>\n<p><label> Tema<br \/>\n<span class=\"wpcf7-form-control-wrap\" data-name=\"your-subject\"><input size=\"40\" class=\"wpcf7-form-control wpcf7-text wpcf7-validates-as-required\" aria-required=\"true\" aria-invalid=\"false\" value=\"\" type=\"text\" name=\"your-subject\" \/><\/span> <\/label>\n<\/p>\n<p><label> J\u016bs\u0173 \u017einut\u0117:<br \/>\n<span class=\"wpcf7-form-control-wrap\" data-name=\"your-message\"><textarea cols=\"40\" rows=\"10\" class=\"wpcf7-form-control wpcf7-textarea\" aria-invalid=\"false\" name=\"your-message\"><\/textarea><\/span> <\/label>\n<\/p>\n<p><input class=\"wpcf7-form-control has-spinner wpcf7-submit\" type=\"submit\" value=\"Si\u0173sti\" \/>\n<\/p><p style=\"display: none !important;\" class=\"akismet-fields-container\" data-prefix=\"_wpcf7_ak_\"><label>&#916;<textarea name=\"_wpcf7_ak_hp_textarea\" cols=\"45\" rows=\"8\" maxlength=\"100\"><\/textarea><\/label><input type=\"hidden\" id=\"ak_js_1\" name=\"_wpcf7_ak_js\" value=\"89\"\/><script>document.getElementById( \"ak_js_1\" ).setAttribute( \"value\", ( new Date() ).getTime() );<\/script><\/p><div class=\"wpcf7-response-output\" aria-hidden=\"true\"><\/div><p style=\"display: none !important\"><span class=\"wpcf7-form-control-wrap referer-page\"><input type=\"hidden\" name=\"referer-page\" value=\"direct visit\" size=\"40\" class=\"wpcf7-form-control wpcf7-text referer-page\" aria-invalid=\"false\"><\/span><\/p>\n<!-- awbmail extension by Renzo Johnson -->\n<\/form>\n<\/div>\n<\/div>\n","protected":false},"excerpt":{"rendered":"<p>Dalia Po\u0161kien\u0117 Kult\u016bros ir \u0161vietimo fakulteto dekan\u0117 dposkiene@gmai.com 8 688 39781 Naujas el. pa\u0161tas: kulturos@kaunastau.lt<\/p>\n","protected":false},"author":1,"featured_media":0,"parent":0,"menu_order":0,"comment_status":"closed","ping_status":"closed","template":"","meta":{"footnotes":""},"class_list":["post-446","page","type-page","status-publish","hentry"],"jetpack_sharing_enabled":true,"_links":{"self":[{"href":"https:\/\/kaunastau.lt\/index.php\/wp-json\/wp\/v2\/pages\/446","targetHints":{"allow":["GET"]}}],"collection":[{"href":"https:\/\/kaunastau.lt\/index.php\/wp-json\/wp\/v2\/pages"}],"about":[{"href":"https:\/\/kaunastau.lt\/index.php\/wp-json\/wp\/v2\/types\/page"}],"author":[{"embeddable":true,"href":"https:\/\/kaunastau.lt\/index.php\/wp-json\/wp\/v2\/users\/1"}],"replies":[{"embeddable":true,"href":"https:\/\/kaunastau.lt\/index.php\/wp-json\/wp\/v2\/comments?post=446"}],"version-history":[{"count":4,"href":"https:\/\/kaunastau.lt\/index.php\/wp-json\/wp\/v2\/pages\/446\/revisions"}],"predecessor-version":[{"id":712,"href":"https:\/\/kaunastau.lt\/index.php\/wp-json\/wp\/v2\/pages\/446\/revisions\/712"}],"wp:attachment":[{"href":"https:\/\/kaunastau.lt\/index.php\/wp-json\/wp\/v2\/media?parent=446"}],"curies":[{"name":"wp","href":"https:\/\/api.w.org\/{rel}","templated":true}]}}