{"id":259,"date":"2020-10-18T13:09:26","date_gmt":"2020-10-18T13:09:26","guid":{"rendered":"http:\/\/kaunastau.lt\/?page_id=259"},"modified":"2026-04-26T15:36:58","modified_gmt":"2026-04-26T13:36:58","slug":"kontaktai","status":"publish","type":"page","link":"https:\/\/kaunastau.lt\/index.php\/kontaktai\/","title":{"rendered":"REKTORATAS"},"content":{"rendered":"\n<p>\u012e REKTORATO SUD\u0116T\u012e \u012eEINA <strong>VIS\u0172 FAKULTET\u0172 DEKANAI<\/strong> IR KITI ATSAKINGI ASMENYS: <\/p>\n\n\n\n<div class=\"wp-block-columns is-layout-flex wp-container-core-columns-is-layout-9d6595d7 wp-block-columns-is-layout-flex\">\n<div class=\"wp-block-column is-layout-flow wp-block-column-is-layout-flow\" style=\"flex-basis:100%\">\n<figure class=\"wp-block-table is-style-stripes\"><table class=\"has-fixed-layout\"><tbody><tr><td>Eil.Nr.<\/td><td>Vardas<\/td><td>Pavard\u0117<\/td><td>Pareigos<\/td><td>telefono Nr.<\/td><td>Elektroninis pa\u0161tas<\/td><\/tr><tr><td>1<\/td><td>Nijol\u0117<\/td><td>Varkalien\u0117<\/td><td>Referent\u0117<\/td><td><\/td><td>nijole.varkaliene@gmail.com<\/td><\/tr><tr><td>2<\/td><td>Dovil\u0117<\/td><td><br>Blaud\u017ei\u016bnien\u0117<\/td><td>Angl\u0173 f. dekan\u0117<\/td><td>0-638-93940<\/td><td><a href=\"mailto:sanbingelyte@gmail.com\"><a href=\"mailto:dovile.blaudziuniene@gmail.com\">dovile.blaudziuniene@gmail.com<\/a><\/a><\/td><\/tr><tr><td><\/td><td><\/td><td><\/td><td><\/td><td><\/td><td><\/td><\/tr><tr><td>3<\/td><td>Deimant\u0117<\/td><td>Cibulskien\u0117<\/td><td>Literat\u016bros f. dekan\u0117<\/td><td><\/td><td><a href=\"mailto:deimante.cibulskiene@maironiomuziejus.lt\">deimante.cibulskiene@maironiomuziejus.lt<\/a><\/td><\/tr><tr><td>4<\/td><td>Audron\u0117<\/td><td>Val\u010diukien\u0117<\/td><td>Tapybos f. dekan\u0117<\/td><td><\/td><td><\/td><\/tr><tr><td>5<\/td><td>Dal\u0117<\/td><td>Po\u0161kien\u0117<\/td><td>Kult\u016bros ir \u0161vietimo istorijos f. dekan\u0117<\/td><td>0-688-39781<\/td><td><a href=\"mailto:dposkiene@gmail.com\">dposkiene@gmail.com<\/a><\/td><\/tr><tr><td>6<\/td><td>Simonas<\/td><td>Jazavita<\/td><td>Istorijos f. dekanas<\/td><td><\/td><td>s.jazavita@kaunomuziejus.lt<\/td><\/tr><tr><td>7<\/td><td>Danielius<\/td><td>V\u0117bra<\/td><td>Teatro ir muzikos f. dekanas<\/td><td><\/td><td>danielvebra@gmail.com<\/td><\/tr><tr><td>8<\/td><td>\u017dibuokl\u0117<\/td><td>Senikien\u0117<\/td><td>Sveikatos f. dekan\u0117<\/td><td>0-687-84702<\/td><td><a href=\"mailto:senikiene@gmail.com\">senikiene@gmail.com<\/a><\/td><\/tr><tr><td>9<\/td><td>Marius<\/td><td>Jonaitis<\/td><td>Teis\u0117s f. dekanas<\/td><td>0-686-00520<\/td><td><a href=\"mailto:marius.jonaitis@kat.lt\">marius.jonaitis@kat.lt<\/a><\/td><\/tr><tr><td>10<\/td><td>Vytautas Steponas<\/td><td>Vai\u010di\u016bnas<\/td><td>Teologijos f. dekanas<\/td><td><\/td><td>&nbsp;<\/td><\/tr><tr><td>11<\/td><td>Jolanta<\/td><td>Velykien\u0117<\/td><td>prorektor\u0117, Dizaino f. dekan\u0117<\/td><td>0-620-14853<\/td><td><a href=\"mailto:jolanta.velykiene@gmail.com\">jolanta.velykiene@gmail.com<\/a><\/td><\/tr><tr><td>12<\/td><td>Antanas<\/td><td>Visockas<\/td><td>Turizmo ir laisvalaikio org. f. dekanas<\/td><td>0-687-32576<\/td><td><a href=\"mailto:anviso.antanas@gmail.com\">anviso.antanas@gmail.com<\/a><\/td><\/tr><tr><td>13<\/td><td>Aldona<\/td><td>Ruseckait\u0117<\/td><td>K\u016brybin\u0117s rai\u0161kos f. dekan\u0117<\/td><td>0-687-16711<\/td><td><a href=\"mailto:kastule@gmail.com\">kastule@gmail.com<\/a><\/td><\/tr><tr><td>14<\/td><td>Skaidra<\/td><td>Grabauskien\u0117<\/td><td>Baltosios lazdel\u0117s f. dekan\u0117<\/td><td>0-675-28804<\/td><td><a href=\"mailto:s.grabauskiene@labiblioteka.lt\">s.grabauskiene@labiblioteka.lt<\/a><\/td><\/tr><tr><td>15<\/td><td>Gerda<\/td><td>Pyplyt\u0117<\/td><td>finansinink\u0117<\/td><td><\/td><td><\/td><\/tr><tr><td><\/td><td><\/td><td><\/td><td><\/td><td><\/td><td><\/td><\/tr><tr><td>16<\/td><td>Zita<\/td><td>\u0160amanova<\/td><td>Klausytoj\u0173 tarybos pirminink\u0117<\/td><td>0-684-85133<\/td><td><a href=\"mailto:zitasam123@gmail.com\">zitasam123@gmail.com<\/a><\/td><\/tr><tr><td><\/td><td><\/td><td><\/td><td><\/td><td><\/td><td><\/td><\/tr><tr><td><\/td><td><\/td><td><\/td><td><\/td><td><\/td><td><\/td><\/tr><tr><td>17<\/td><td><strong>Nijol\u0117 Petron\u0117l\u0117<\/strong><\/td><td><strong>Ve\u010dkien\u0117<\/strong><\/td><td>Pr<strong>orektor\u0117<\/strong> studijoms<\/td><td><\/td><td><a href=\"mailto:nijole.veckiene@gmail.com\">nijole.veckiene@gmail.com<\/a><\/td><\/tr><tr><td>18<\/td><td>Rimvydas<\/td><td>Velykis<\/td><td>l.e.p. Rektorius <\/td><td>\u00a0<\/td><td><a href=\"mailto:rimvydas.velykis@yahoo.com\">rimvydas.velykis@yahoo.com<\/a><\/td><\/tr><tr><td><\/td><td><\/td><td><\/td><td><\/td><td>&nbsp;<\/td><td><\/td><\/tr><tr><td><\/td><td><\/td><td><\/td><td><\/td><td>&nbsp;<\/td><td><\/td><\/tr><tr><td><\/td><td><\/td><td><\/td><td><\/td><td>&nbsp;<\/td><td><\/td><\/tr><\/tbody><\/table><\/figure>\n<\/div>\n<\/div>\n\n\n\n<p>Bendras <strong>elektroninis pa\u0161tas: <em><a rel=\"noreferrer noopener\" href=\"mailto:info@kaunastau.lt\" target=\"_blank\">info@kaunastau.lt<\/a><\/em><\/strong> arba <a rel=\"noreferrer noopener\" href=\"mailto:3taukaunas@gmail.com\" target=\"_blank\"><em>3taukaunas@gmail.com<\/em><\/a><\/p>\n\n\n\n<p><strong>Adresas korespondencijai:<\/strong> <strong>Kauno tre\u010diojo am\u017eiaus universitetas<\/strong>, <strong>Gai\u017ei\u016bn\u0173 48\/Kelm\u0173 10, Kaunas<\/strong><\/p>\n\n\n\n<p>Juridinis statusas ir rekvizitai: <strong>Asociacija &#8222;Kauno tre\u010diojo am\u017eiaus universitetas&#8221;<\/strong>, <strong>Purien\u0173 g. 2, Kaunas<\/strong>, <strong>\u012emon\u0117s kodas 193585353, OID kodas: E10241030<\/strong>, <\/p>\n\n\n\n<p><strong>Atsiskaitomoji s\u0105skaita: LT 02 7300 0100 0226 4582 SWEDBANK<\/strong><\/p>\n\n\n\n<p>Informacijos \u012f svetain\u0119 talpinimo klausimais ra\u0161yti <a href=\"mailto:jolanta.velykiene@gmail.com\">jolanta.velykiene@gmail.com<\/a><\/p>\n\n\n\n<p><\/p>\n\n\n\n<p>BENDRO POB\u016aD\u017dIO KLAUSIMUS PRA\u0160OME PATEIKTI KAUNO TAU PROREKTOREI JOLANTAI VELYKIENEI U\u017dPILDANT \u0160I\u0104 FORM\u0104<\/p>\n\n\n\n<div class=\"wp-block-contact-form-7-contact-form-selector\">\n<div class=\"wpcf7 no-js\" id=\"wpcf7-f660-o1\" lang=\"lt-LT\" dir=\"ltr\">\n<div class=\"screen-reader-response\"><p role=\"status\" aria-live=\"polite\" aria-atomic=\"true\"><\/p> <ul><\/ul><\/div>\n<form action=\"\/index.php\/wp-json\/wp\/v2\/pages\/259#wpcf7-f660-o1\" method=\"post\" class=\"wpcf7-form init Aweber-ext-0.1.43\" aria-label=\"Contact form\" novalidate=\"novalidate\" data-status=\"init\">\n<div style=\"display: none;\">\n<input type=\"hidden\" name=\"_wpcf7\" value=\"660\" \/>\n<input type=\"hidden\" name=\"_wpcf7_version\" value=\"5.7.7\" \/>\n<input type=\"hidden\" name=\"_wpcf7_locale\" value=\"lt_LT\" \/>\n<input type=\"hidden\" name=\"_wpcf7_unit_tag\" value=\"wpcf7-f660-o1\" \/>\n<input type=\"hidden\" name=\"_wpcf7_container_post\" value=\"0\" \/>\n<input type=\"hidden\" name=\"_wpcf7_posted_data_hash\" value=\"\" \/>\n<\/div>\n<p><label> J\u016bs\u0173 vardas:<br \/>\n<span class=\"wpcf7-form-control-wrap\" data-name=\"your-name\"><input size=\"40\" class=\"wpcf7-form-control wpcf7-text wpcf7-validates-as-required\" aria-required=\"true\" aria-invalid=\"false\" value=\"\" type=\"text\" name=\"your-name\" \/><\/span> <\/label>\n<\/p>\n<p><label> J\u016bs\u0173 e. pa\u0161to adresas:<br \/>\n<span class=\"wpcf7-form-control-wrap\" data-name=\"your-email\"><input size=\"40\" class=\"wpcf7-form-control wpcf7-text wpcf7-email wpcf7-validates-as-required wpcf7-validates-as-email\" aria-required=\"true\" aria-invalid=\"false\" value=\"\" type=\"email\" name=\"your-email\" \/><\/span> <\/label>\n<\/p>\n<p><label> Tema<br \/>\n<span class=\"wpcf7-form-control-wrap\" data-name=\"your-subject\"><input size=\"40\" class=\"wpcf7-form-control wpcf7-text wpcf7-validates-as-required\" aria-required=\"true\" aria-invalid=\"false\" value=\"\" type=\"text\" name=\"your-subject\" \/><\/span> <\/label>\n<\/p>\n<p><label> J\u016bs\u0173 \u017einut\u0117:<br \/>\n<span class=\"wpcf7-form-control-wrap\" data-name=\"your-message\"><textarea cols=\"40\" rows=\"10\" class=\"wpcf7-form-control wpcf7-textarea\" aria-invalid=\"false\" name=\"your-message\"><\/textarea><\/span> <\/label>\n<\/p>\n<p><input class=\"wpcf7-form-control has-spinner wpcf7-submit\" type=\"submit\" value=\"Si\u0173sti\" \/>\n<\/p><p style=\"display: none !important;\" class=\"akismet-fields-container\" data-prefix=\"_wpcf7_ak_\"><label>&#916;<textarea name=\"_wpcf7_ak_hp_textarea\" cols=\"45\" rows=\"8\" maxlength=\"100\"><\/textarea><\/label><input type=\"hidden\" id=\"ak_js_1\" name=\"_wpcf7_ak_js\" value=\"175\"\/><script>document.getElementById( \"ak_js_1\" ).setAttribute( \"value\", ( new Date() ).getTime() );<\/script><\/p><div class=\"wpcf7-response-output\" aria-hidden=\"true\"><\/div><p style=\"display: none !important\"><span class=\"wpcf7-form-control-wrap referer-page\"><input type=\"hidden\" name=\"referer-page\" value=\"direct visit\" size=\"40\" class=\"wpcf7-form-control wpcf7-text referer-page\" aria-invalid=\"false\"><\/span><\/p>\n<!-- awbmail extension by Renzo Johnson -->\n<\/form>\n<\/div>\n<\/div>\n","protected":false},"excerpt":{"rendered":"<p>\u012e REKTORATO SUD\u0116T\u012e \u012eEINA VIS\u0172 FAKULTET\u0172 DEKANAI IR KITI ATSAKINGI ASMENYS: Eil.Nr. Vardas Pavard\u0117 Pareigos telefono Nr. Elektroninis pa\u0161tas 1 Nijol\u0117 Varkalien\u0117 Referent\u0117 nijole.varkaliene@gmail.com 2 Dovil\u0117 Blaud\u017ei\u016bnien\u0117 Angl\u0173 f. dekan\u0117 0-638-93940 dovile.blaudziuniene@gmail.com 3 Deimant\u0117 Cibulskien\u0117 Literat\u016bros f. dekan\u0117 deimante.cibulskiene@maironiomuziejus.lt 4 Audron\u0117 Val\u010diukien\u0117 Tapybos f. dekan\u0117 5 Dal\u0117 Po\u0161kien\u0117 Kult\u016bros ir \u0161vietimo istorijos f. dekan\u0117 0-688-39781 &hellip;<\/p>\n<p class=\"read-more\"> <a class=\"\" href=\"https:\/\/kaunastau.lt\/index.php\/kontaktai\/\"> <span class=\"screen-reader-text\">REKTORATAS<\/span> Skaityti daugiau &raquo;<\/a><\/p>\n","protected":false},"author":1,"featured_media":0,"parent":0,"menu_order":0,"comment_status":"closed","ping_status":"closed","template":"","meta":{"footnotes":""},"class_list":["post-259","page","type-page","status-publish","hentry"],"jetpack_sharing_enabled":true,"_links":{"self":[{"href":"https:\/\/kaunastau.lt\/index.php\/wp-json\/wp\/v2\/pages\/259","targetHints":{"allow":["GET"]}}],"collection":[{"href":"https:\/\/kaunastau.lt\/index.php\/wp-json\/wp\/v2\/pages"}],"about":[{"href":"https:\/\/kaunastau.lt\/index.php\/wp-json\/wp\/v2\/types\/page"}],"author":[{"embeddable":true,"href":"https:\/\/kaunastau.lt\/index.php\/wp-json\/wp\/v2\/users\/1"}],"replies":[{"embeddable":true,"href":"https:\/\/kaunastau.lt\/index.php\/wp-json\/wp\/v2\/comments?post=259"}],"version-history":[{"count":29,"href":"https:\/\/kaunastau.lt\/index.php\/wp-json\/wp\/v2\/pages\/259\/revisions"}],"predecessor-version":[{"id":8568,"href":"https:\/\/kaunastau.lt\/index.php\/wp-json\/wp\/v2\/pages\/259\/revisions\/8568"}],"wp:attachment":[{"href":"https:\/\/kaunastau.lt\/index.php\/wp-json\/wp\/v2\/media?parent=259"}],"curies":[{"name":"wp","href":"https:\/\/api.w.org\/{rel}","templated":true}]}}