{"id":2534,"date":"2023-12-12T15:28:00","date_gmt":"2023-12-12T13:28:00","guid":{"rendered":"https:\/\/kaunastau.lt\/?page_id=2534"},"modified":"2024-01-25T12:11:19","modified_gmt":"2024-01-25T10:11:19","slug":"erasmus-projektas","status":"publish","type":"page","link":"https:\/\/kaunastau.lt\/index.php\/erasmus-projektas\/","title":{"rendered":"U\u017ebaigtas ERASMUS+ projektas\u00a0DevCom"},"content":{"rendered":"\n<p class=\"has-medium-font-size\"><strong>\u201eTvarumo, skaitmenini\u0173 technologij\u0173 ir socialinio aktyvumo kompetencij\u0173 pl\u0117tojimas Kauno TAU\u201d&nbsp;(DevCom)<\/strong><\/p>\n\n\n\n<figure class=\"wp-block-image size-large\"><img loading=\"lazy\" decoding=\"async\" width=\"1024\" height=\"472\" src=\"https:\/\/kaunastau.lt\/wp-content\/uploads\/2023\/12\/4476B37F-3CBD-41B0-87FA-4E81278BEB5E-1024x472.jpeg\" alt=\"\" class=\"wp-image-2544\" srcset=\"https:\/\/kaunastau.lt\/wp-content\/uploads\/2023\/12\/4476B37F-3CBD-41B0-87FA-4E81278BEB5E-1024x472.jpeg 1024w, https:\/\/kaunastau.lt\/wp-content\/uploads\/2023\/12\/4476B37F-3CBD-41B0-87FA-4E81278BEB5E-300x138.jpeg 300w, https:\/\/kaunastau.lt\/wp-content\/uploads\/2023\/12\/4476B37F-3CBD-41B0-87FA-4E81278BEB5E-768x354.jpeg 768w, https:\/\/kaunastau.lt\/wp-content\/uploads\/2023\/12\/4476B37F-3CBD-41B0-87FA-4E81278BEB5E-1536x708.jpeg 1536w, https:\/\/kaunastau.lt\/wp-content\/uploads\/2023\/12\/4476B37F-3CBD-41B0-87FA-4E81278BEB5E.jpeg 1600w\" sizes=\"auto, (max-width: 1024px) 100vw, 1024px\" \/><\/figure>\n\n\n\n<figure class=\"wp-block-image size-full\"><img loading=\"lazy\" decoding=\"async\" width=\"352\" height=\"86\" src=\"https:\/\/kaunastau.lt\/wp-content\/uploads\/2023\/12\/image-7.png\" alt=\"\" class=\"wp-image-2540\" srcset=\"https:\/\/kaunastau.lt\/wp-content\/uploads\/2023\/12\/image-7.png 352w, https:\/\/kaunastau.lt\/wp-content\/uploads\/2023\/12\/image-7-300x73.png 300w\" sizes=\"auto, (max-width: 352px) 100vw, 352px\" \/><\/figure>\n\n\n\n<p>Projekte buvo numatytos \u0161ios veiklos:<\/p>\n\n\n\n<ul class=\"wp-block-list\">\n<li>Darbo steb\u0117jimo vizitai, skirti susipa\u017einti su naujais Ispanijos ir Italijos partneriais, dalyvauti j\u0173 vedamuose mokymuose, susipa\u017einti su mokym\u0173 metodikomis, taikomomis, dirbant su senjorais ir imigrantais.<\/li>\n\n\n\n<li>Tvarumo kursai, skirti i\u0161siai\u0161kinti neformaliojo ugymo ir patyriminio mokymosi galimybes gamtoje, naudojant \u017eaidimus, dramos, improvizacines technikas, i\u0161pl\u0117sti \u017einias apie aplinkosaugin\u012f \u0161vietim\u0105. Ispanijoje ir Italijoje veikia daug parmakult\u016brini\u0173 objekt\u0173 (sod\u0173, ferm\u0173, park\u0173), kuriuose dirba kvalifikuoti ir patyr\u0119 lektoriai-praktikai, tod\u0117l \u012fgytos \u017einios sukurt\u0173 tvirt\u0105 pagrind\u0105 Kauno TAU naujam \u201eEkologijos fakultetui\u201c, kurio steigimas ir aktyvi veikla yra numatyta Kauno TAU strateginiame plane.<\/li>\n\n\n\n<li>Skaitmenini\u0173 technologij\u0173 kursai&nbsp;Italijoje&nbsp;ir Lenkijoje. Jie&nbsp;b\u016btini kiekvienam pradedan\u010diajam ir pa\u017eengusiam klausytojui, siekian\u010diam neatsilikti nuo gyvenimo. \u012esigilinimas \u012f technologij\u0173 panaudojimo galimybes Kauno TAU veiklai pl\u0117sti \u012fgalint\u0173 pritraukti daugiau aktyvi\u0173, technika besidomin\u010di\u0173 vyr\u0173 ir moter\u0173 bei suteikt\u0173 pagrind\u0105 naujam \u201eTechnologij\u0173\u201c fakultetui bei \u201eMedia pokalbi\u0173 studijai\u201c, kuri\u0173 \u012fk\u016brimas ir veikla numatyta Kauno TAU ir Nacionalin\u0117s TAU asociacijos strateginiuose planuose.<\/li>\n\n\n\n<li>Kviestini\u0173&nbsp;ekspert\u0173 u\u017esi\u0117mimai, kurie&nbsp;pla\u010diai m\u016bs\u0173 klausytoj\u0173 auditorijai Kaune sudarys galimyb\u0119 susipa\u017einti su moderniausiomis IT technologijomis ir programomis, taikomomis suaugusi\u0173j\u0173 ir vyresniojo am\u017eiaus \u017emoni\u0173 kasdieniniame gyvenime bei j\u0173 sveikatos palaikymui.<\/li>\n<\/ul>\n\n\n\n<p>Papildomai, siekiant pilnai i\u0161naudoti gautos dotacijos galimybes, suorganizavome dar vien\u0105 darbo steb\u0117jimo vizit\u0105 \u012f Tenerif\u0117s sal\u0105, kur vyko suaugusi\u0173j\u0173 ir \u017emoni\u0173 su negalia bei imigrant\u0173 \u0161viet\u0117j\u0173 emocinio intelekto mokymai. Tur\u0117jome galimyb\u0119 susipa\u017einti su 7 skirting\u0173 ES \u0161ali\u0173 \u0161vietimo institucij\u0173 praktika bei dalyvauti specifiniuose, labai emocinguose mokymuose, skirtuose klausytojams su negalia ir senjorams. \u0160is vizitas labai praturtino mums ma\u017eai \u017einom\u0105 \u012fvairi\u0173 skirting\u0173 \u017emoni\u0173 \u012ftraukties metodik\u0173 taikymo patyrim\u0105.<\/p>\n\n\n\n<p>Projektas prasid\u0117jo 2022 bir\u017eelio 1d. ir t\u0119s\u0117si iki 2023 lapkri\u010dio 30d., trukm\u0117 \u2013 18 m\u0117n.<\/p>\n\n\n\n<p class=\"has-light-green-cyan-background-color has-background has-medium-font-size\"><a href=\"http:\/\/Nuoroda \u012f straipsn\u012f EPALE portale: https:\/\/epale.ec.europa.eu\/en\/node\/357562\">Nuoroda \u012f straipsn\u012f EPALE portale: <strong>https:\/\/epale.ec.europa.eu\/en\/node\/357562<\/strong><\/a><\/p>\n\n\n\n<div data-wp-interactive=\"core\/file\" class=\"wp-block-file\"><object data-wp-bind--hidden=\"!state.hasPdfPreview\" hidden class=\"wp-block-file__embed\" data=\"https:\/\/kaunastau.lt\/wp-content\/uploads\/2023\/12\/projekto-veiklos-su-foto.pdf\" type=\"application\/pdf\" style=\"width:100%;height:600px\" aria-label=\"Projekto veiklos su foto \u012fterpimas.\"><\/object><a id=\"wp-block-file--media-0c155db5-4155-457f-8dcc-a68b59eb5d1d\" href=\"https:\/\/kaunastau.lt\/wp-content\/uploads\/2023\/12\/projekto-veiklos-su-foto.pdf\">Projekto veiklos su foto<\/a><a href=\"https:\/\/kaunastau.lt\/wp-content\/uploads\/2023\/12\/projekto-veiklos-su-foto.pdf\" class=\"wp-block-file__button wp-element-button\" download aria-describedby=\"wp-block-file--media-0c155db5-4155-457f-8dcc-a68b59eb5d1d\">Parsisi\u0173sti<\/a><\/div>\n\n\n\n<div data-wp-interactive=\"core\/file\" class=\"wp-block-file\"><object data-wp-bind--hidden=\"!state.hasPdfPreview\" hidden class=\"wp-block-file__embed\" data=\"https:\/\/kaunastau.lt\/wp-content\/uploads\/2023\/12\/Sertifikatu-kopijos.pdf\" type=\"application\/pdf\" style=\"width:100%;height:600px\" aria-label=\"Sertifikatu-kopijos \u012fterpimas.\"><\/object><a id=\"wp-block-file--media-cc73f5ce-c752-4308-acf8-15837a245c46\" href=\"https:\/\/kaunastau.lt\/wp-content\/uploads\/2023\/12\/Sertifikatu-kopijos.pdf\">Sertifikatu-kopijos<\/a><a href=\"https:\/\/kaunastau.lt\/wp-content\/uploads\/2023\/12\/Sertifikatu-kopijos.pdf\" class=\"wp-block-file__button wp-element-button\" download aria-describedby=\"wp-block-file--media-cc73f5ce-c752-4308-acf8-15837a245c46\">Parsisi\u0173sti<\/a><\/div>\n\n\n","protected":false},"excerpt":{"rendered":"<p>\u201eTvarumo, skaitmenini\u0173 technologij\u0173 ir socialinio aktyvumo kompetencij\u0173 pl\u0117tojimas Kauno TAU\u201d&nbsp;(DevCom) Projekte buvo numatytos \u0161ios veiklos: Papildomai, siekiant pilnai i\u0161naudoti gautos dotacijos galimybes, suorganizavome dar vien\u0105 darbo steb\u0117jimo vizit\u0105 \u012f Tenerif\u0117s sal\u0105, kur vyko suaugusi\u0173j\u0173 ir \u017emoni\u0173 su negalia bei imigrant\u0173 \u0161viet\u0117j\u0173 emocinio intelekto mokymai. Tur\u0117jome galimyb\u0119 susipa\u017einti su 7 skirting\u0173 ES \u0161ali\u0173 \u0161vietimo institucij\u0173 praktika &hellip;<\/p>\n<p class=\"read-more\"> <a class=\"\" href=\"https:\/\/kaunastau.lt\/index.php\/erasmus-projektas\/\"> <span class=\"screen-reader-text\">U\u017ebaigtas ERASMUS+ projektas\u00a0DevCom<\/span> Skaityti daugiau &raquo;<\/a><\/p>\n","protected":false},"author":1,"featured_media":0,"parent":0,"menu_order":0,"comment_status":"closed","ping_status":"closed","template":"","meta":{"footnotes":""},"class_list":["post-2534","page","type-page","status-publish","hentry"],"jetpack_sharing_enabled":true,"_links":{"self":[{"href":"https:\/\/kaunastau.lt\/index.php\/wp-json\/wp\/v2\/pages\/2534","targetHints":{"allow":["GET"]}}],"collection":[{"href":"https:\/\/kaunastau.lt\/index.php\/wp-json\/wp\/v2\/pages"}],"about":[{"href":"https:\/\/kaunastau.lt\/index.php\/wp-json\/wp\/v2\/types\/page"}],"author":[{"embeddable":true,"href":"https:\/\/kaunastau.lt\/index.php\/wp-json\/wp\/v2\/users\/1"}],"replies":[{"embeddable":true,"href":"https:\/\/kaunastau.lt\/index.php\/wp-json\/wp\/v2\/comments?post=2534"}],"version-history":[{"count":7,"href":"https:\/\/kaunastau.lt\/index.php\/wp-json\/wp\/v2\/pages\/2534\/revisions"}],"predecessor-version":[{"id":2647,"href":"https:\/\/kaunastau.lt\/index.php\/wp-json\/wp\/v2\/pages\/2534\/revisions\/2647"}],"wp:attachment":[{"href":"https:\/\/kaunastau.lt\/index.php\/wp-json\/wp\/v2\/media?parent=2534"}],"curies":[{"name":"wp","href":"https:\/\/api.w.org\/{rel}","templated":true}]}}