{"id":2078,"date":"2023-05-02T15:55:50","date_gmt":"2023-05-02T13:55:50","guid":{"rendered":"https:\/\/kaunastau.lt\/?page_id=2078"},"modified":"2024-10-17T15:08:56","modified_gmt":"2024-10-17T13:08:56","slug":"sveikatos-fakulteto-paskaitos","status":"publish","type":"page","link":"https:\/\/kaunastau.lt\/index.php\/sveikatos-fakulteto-paskaitos\/","title":{"rendered":"Sveikatos fakulteto paskaitos"},"content":{"rendered":"\n<p>2024-10-17<\/p>\n\n\n\n<figure class=\"wp-block-image size-full\"><img loading=\"lazy\" decoding=\"async\" width=\"930\" height=\"584\" src=\"https:\/\/kaunastau.lt\/wp-content\/uploads\/2024\/10\/image-10.png\" alt=\"\" class=\"wp-image-3143\" srcset=\"https:\/\/kaunastau.lt\/wp-content\/uploads\/2024\/10\/image-10.png 930w, https:\/\/kaunastau.lt\/wp-content\/uploads\/2024\/10\/image-10-300x188.png 300w, https:\/\/kaunastau.lt\/wp-content\/uploads\/2024\/10\/image-10-768x482.png 768w\" sizes=\"auto, (max-width: 930px) 100vw, 930px\" \/><\/figure>\n\n\n\n<p><strong>\u017dibuokl\u0117 Senikien\u0117<\/strong>, Docent\u0117.<\/p>\n\n\n\n<p>Fiziologijos ir farmakologijos institutas. Tel. +370\u00a068784702. A. Mickevi\u010diaus g. 9, Kaunas, 304 kabinetas<\/p>\n\n\n\n<p><\/p>\n","protected":false},"excerpt":{"rendered":"<p>2024-10-17 \u017dibuokl\u0117 Senikien\u0117, Docent\u0117. Fiziologijos ir farmakologijos institutas. Tel. +370\u00a068784702. A. Mickevi\u010diaus g. 9, Kaunas, 304 kabinetas<\/p>\n","protected":false},"author":1,"featured_media":0,"parent":0,"menu_order":0,"comment_status":"closed","ping_status":"closed","template":"","meta":{"footnotes":""},"class_list":["post-2078","page","type-page","status-publish","hentry"],"jetpack_sharing_enabled":true,"_links":{"self":[{"href":"https:\/\/kaunastau.lt\/index.php\/wp-json\/wp\/v2\/pages\/2078","targetHints":{"allow":["GET"]}}],"collection":[{"href":"https:\/\/kaunastau.lt\/index.php\/wp-json\/wp\/v2\/pages"}],"about":[{"href":"https:\/\/kaunastau.lt\/index.php\/wp-json\/wp\/v2\/types\/page"}],"author":[{"embeddable":true,"href":"https:\/\/kaunastau.lt\/index.php\/wp-json\/wp\/v2\/users\/1"}],"replies":[{"embeddable":true,"href":"https:\/\/kaunastau.lt\/index.php\/wp-json\/wp\/v2\/comments?post=2078"}],"version-history":[{"count":6,"href":"https:\/\/kaunastau.lt\/index.php\/wp-json\/wp\/v2\/pages\/2078\/revisions"}],"predecessor-version":[{"id":3148,"href":"https:\/\/kaunastau.lt\/index.php\/wp-json\/wp\/v2\/pages\/2078\/revisions\/3148"}],"wp:attachment":[{"href":"https:\/\/kaunastau.lt\/index.php\/wp-json\/wp\/v2\/media?parent=2078"}],"curies":[{"name":"wp","href":"https:\/\/api.w.org\/{rel}","templated":true}]}}