{"id":1871,"date":"2022-11-04T10:41:03","date_gmt":"2022-11-04T08:41:03","guid":{"rendered":"https:\/\/kaunastau.lt\/?page_id=1871"},"modified":"2022-11-04T10:44:19","modified_gmt":"2022-11-04T08:44:19","slug":"uzsiemimu-tvarkarasciai","status":"publish","type":"page","link":"https:\/\/kaunastau.lt\/index.php\/uzsiemimu-tvarkarasciai\/","title":{"rendered":"U\u017dSI\u0116MIM\u0172 TVARKARA\u0160\u010cIAI"},"content":{"rendered":"\n<figure class=\"wp-block-image size-large\"><img loading=\"lazy\" decoding=\"async\" width=\"818\" height=\"1024\" src=\"http:\/\/kaunastau.lt\/wp-content\/uploads\/2022\/10\/image-4-818x1024.png\" alt=\"\" class=\"wp-image-1838\" srcset=\"https:\/\/kaunastau.lt\/wp-content\/uploads\/2022\/10\/image-4-818x1024.png 818w, https:\/\/kaunastau.lt\/wp-content\/uploads\/2022\/10\/image-4-240x300.png 240w, https:\/\/kaunastau.lt\/wp-content\/uploads\/2022\/10\/image-4-768x962.png 768w, https:\/\/kaunastau.lt\/wp-content\/uploads\/2022\/10\/image-4.png 1022w\" sizes=\"auto, (max-width: 818px) 100vw, 818px\" \/><\/figure>\n\n\n\n<figure class=\"wp-block-image size-large\"><img loading=\"lazy\" decoding=\"async\" width=\"683\" height=\"1024\" src=\"http:\/\/kaunastau.lt\/wp-content\/uploads\/2022\/10\/image-3-683x1024.png\" alt=\"\" class=\"wp-image-1836\" srcset=\"https:\/\/kaunastau.lt\/wp-content\/uploads\/2022\/10\/image-3-683x1024.png 683w, https:\/\/kaunastau.lt\/wp-content\/uploads\/2022\/10\/image-3-200x300.png 200w, https:\/\/kaunastau.lt\/wp-content\/uploads\/2022\/10\/image-3-768x1151.png 768w, https:\/\/kaunastau.lt\/wp-content\/uploads\/2022\/10\/image-3.png 854w\" sizes=\"auto, (max-width: 683px) 100vw, 683px\" \/><\/figure>\n","protected":false},"excerpt":{"rendered":"","protected":false},"author":1,"featured_media":0,"parent":0,"menu_order":0,"comment_status":"closed","ping_status":"closed","template":"","meta":{"footnotes":""},"class_list":["post-1871","page","type-page","status-publish","hentry"],"jetpack_sharing_enabled":true,"_links":{"self":[{"href":"https:\/\/kaunastau.lt\/index.php\/wp-json\/wp\/v2\/pages\/1871","targetHints":{"allow":["GET"]}}],"collection":[{"href":"https:\/\/kaunastau.lt\/index.php\/wp-json\/wp\/v2\/pages"}],"about":[{"href":"https:\/\/kaunastau.lt\/index.php\/wp-json\/wp\/v2\/types\/page"}],"author":[{"embeddable":true,"href":"https:\/\/kaunastau.lt\/index.php\/wp-json\/wp\/v2\/users\/1"}],"replies":[{"embeddable":true,"href":"https:\/\/kaunastau.lt\/index.php\/wp-json\/wp\/v2\/comments?post=1871"}],"version-history":[{"count":2,"href":"https:\/\/kaunastau.lt\/index.php\/wp-json\/wp\/v2\/pages\/1871\/revisions"}],"predecessor-version":[{"id":1876,"href":"https:\/\/kaunastau.lt\/index.php\/wp-json\/wp\/v2\/pages\/1871\/revisions\/1876"}],"wp:attachment":[{"href":"https:\/\/kaunastau.lt\/index.php\/wp-json\/wp\/v2\/media?parent=1871"}],"curies":[{"name":"wp","href":"https:\/\/api.w.org\/{rel}","templated":true}]}}