{"id":1349,"date":"2021-10-04T09:30:43","date_gmt":"2021-10-04T07:30:43","guid":{"rendered":"http:\/\/kaunastau.lt\/?page_id=1349"},"modified":"2025-09-30T18:33:25","modified_gmt":"2025-09-30T16:33:25","slug":"2019-2020-mokslo-metai","status":"publish","type":"page","link":"https:\/\/kaunastau.lt\/index.php\/2019-2020-mokslo-metai\/","title":{"rendered":"2025-2026 MOKSLO METAI"},"content":{"rendered":"\n<p>MOKYKIT\u0116S ANGL\u0172 KALBOS 2025-2026 MOKSLO METAIS<\/p>\n\n\n\n<p>Angl\u0173 kalbos fakultetas kvie\u010dia senjorus mokytis angl\u0173 kalbos arba pl\u0117sti jau turimas \u017einias. Kursai vyksta visus mokslo metus, nuotoliniu ir kontaktiniu b\u016bdu.&nbsp;<\/p>\n\n\n\n<p>Renkamos grup\u0117s:&nbsp;<\/p>\n\n\n\n<p><em>A0 lygio<\/em> grup\u0117 (pradedan\u010di\u0173j\u0173)<\/p>\n\n\n\n<p><em>A2 lygio<\/em> grup\u0117 (pa\u017eengusi\u0173j\u0173)<\/p>\n\n\n\n<p>Tikslios dienos ir laikas bus paskelbti spalio antroje pus\u0117je. Kursai vyksta darbo dienomis, vakarais.<\/p>\n\n\n\n<p>Nor\u0117dami registruotis: <br>Ra\u0161ykite el. pa\u0161tu <span style=\"text-decoration: underline;\">anglufakultetas.tau@gmail.com<\/span> <br>Tel. Nr. +370 (660) 71 946<\/p>\n\n\n\n<p>Atsi\u0173sime platesn\u0119 informacij\u0105 apie grupes ir test\u0105 lygio nustatymui.&nbsp;<\/p>\n\n\n\n<p><\/p>\n\n\n\n<p>Kursuose naudojama mokomoji med\u017eiaga:<\/p>\n\n\n\n<p><em>Headway 5th. edition<\/em>, Oxford University Press<\/p>\n\n\n\n<p><img loading=\"lazy\" decoding=\"async\" width=\"500\" height=\"196\" class=\"wp-image-1387\" style=\"width: 500px;\" src=\"http:\/\/kaunastau.lt\/wp-content\/uploads\/2021\/10\/Headway-5th-Covers-1.png\" alt=\"\" srcset=\"https:\/\/kaunastau.lt\/wp-content\/uploads\/2021\/10\/Headway-5th-Covers-1.png 1125w, https:\/\/kaunastau.lt\/wp-content\/uploads\/2021\/10\/Headway-5th-Covers-1-300x118.png 300w, https:\/\/kaunastau.lt\/wp-content\/uploads\/2021\/10\/Headway-5th-Covers-1-1024x402.png 1024w, https:\/\/kaunastau.lt\/wp-content\/uploads\/2021\/10\/Headway-5th-Covers-1-768x302.png 768w\" sizes=\"auto, (max-width: 500px) 100vw, 500px\" \/><\/p>\n\n\n\n<p><em>Atnaujintos temos, nauji tekstai, realisti\u0161ki pratimai motyvuoja studentus, padeda jiems orientuotis praktin\u0117se situacijose. Internetin\u0117 platforma sustiprina student\u0173 knygos turin\u012f ir leid\u017eia besimokantiems tobulinti \u012fg\u016bd\u017eius savaranki\u0161kai. Nauji \u012fkvepian\u010di\u0173 nuotrauk\u0173 puslapiai su ap\u0161ilimui skirtais klausimais paskatina studentus diskusijai kiekvieno skyriaus prad\u017eioje. <\/em><\/p>\n\n\n\n<p><\/p>\n\n\n\n<p>Daugiau apie angl\u0173 kalbos lygius galite paskaityti:<br><a href=\"https:\/\/kaunastau.lt\/index.php\/anglu-kalbos-lygiai\/\" target=\"_blank\" rel=\"noreferrer noopener\">https:\/\/kaunastau.lt\/index.php\/anglu-kalbos-lygiai\/<\/a><\/p>\n","protected":false},"excerpt":{"rendered":"<p>MOKYKIT\u0116S ANGL\u0172 KALBOS 2025-2026 MOKSLO METAIS Angl\u0173 kalbos fakultetas kvie\u010dia senjorus mokytis angl\u0173 kalbos arba pl\u0117sti jau turimas \u017einias. Kursai vyksta visus mokslo metus, nuotoliniu ir kontaktiniu b\u016bdu.&nbsp; Renkamos grup\u0117s:&nbsp; A0 lygio grup\u0117 (pradedan\u010di\u0173j\u0173) A2 lygio grup\u0117 (pa\u017eengusi\u0173j\u0173) Tikslios dienos ir laikas bus paskelbti spalio antroje pus\u0117je. Kursai vyksta darbo dienomis, vakarais. Nor\u0117dami registruotis: Ra\u0161ykite &hellip;<\/p>\n<p class=\"read-more\"> <a class=\"\" href=\"https:\/\/kaunastau.lt\/index.php\/2019-2020-mokslo-metai\/\"> <span class=\"screen-reader-text\">2025-2026 MOKSLO METAI<\/span> Skaityti daugiau &raquo;<\/a><\/p>\n","protected":false},"author":1,"featured_media":0,"parent":0,"menu_order":0,"comment_status":"closed","ping_status":"closed","template":"","meta":{"footnotes":""},"class_list":["post-1349","page","type-page","status-publish","hentry"],"jetpack_sharing_enabled":true,"_links":{"self":[{"href":"https:\/\/kaunastau.lt\/index.php\/wp-json\/wp\/v2\/pages\/1349","targetHints":{"allow":["GET"]}}],"collection":[{"href":"https:\/\/kaunastau.lt\/index.php\/wp-json\/wp\/v2\/pages"}],"about":[{"href":"https:\/\/kaunastau.lt\/index.php\/wp-json\/wp\/v2\/types\/page"}],"author":[{"embeddable":true,"href":"https:\/\/kaunastau.lt\/index.php\/wp-json\/wp\/v2\/users\/1"}],"replies":[{"embeddable":true,"href":"https:\/\/kaunastau.lt\/index.php\/wp-json\/wp\/v2\/comments?post=1349"}],"version-history":[{"count":17,"href":"https:\/\/kaunastau.lt\/index.php\/wp-json\/wp\/v2\/pages\/1349\/revisions"}],"predecessor-version":[{"id":7898,"href":"https:\/\/kaunastau.lt\/index.php\/wp-json\/wp\/v2\/pages\/1349\/revisions\/7898"}],"wp:attachment":[{"href":"https:\/\/kaunastau.lt\/index.php\/wp-json\/wp\/v2\/media?parent=1349"}],"curies":[{"name":"wp","href":"https:\/\/api.w.org\/{rel}","templated":true}]}}